{"id":17824,"date":"2023-11-29T12:11:46","date_gmt":"2023-11-29T11:11:46","guid":{"rendered":"https:\/\/immo.krini.ma\/?page_id=17824"},"modified":"2023-11-29T17:28:55","modified_gmt":"2023-11-29T16:28:55","slug":"conditions-dutilisation","status":"publish","type":"page","link":"https:\/\/immo.krini.ma\/index.php\/conditions-dutilisation\/","title":{"rendered":"Conditions d&rsquo;utilisation"},"content":{"rendered":"\n<p><\/p>\n\n\n\n<hr class=\"wp-block-separator has-alpha-channel-opacity\"\/>\n\n\n\n<p><\/p>\n\n\n\n<p><strong>Derni\u00e8re mise \u00e0 jour : 29\/11\/2023<\/strong><\/p>\n\n\n\n<p>Bienvenue sur KRINI IMMO  ! En acc\u00e9dant \u00e0 notre site web, vous acceptez de respecter les conditions d&rsquo;utilisation \u00e9nonc\u00e9es ci-dessous. Veuillez les lire attentivement avant de continuer \u00e0 utiliser notre site.<\/p>\n\n\n\n<p><strong>Utilisation du Site<\/strong><\/p>\n\n\n\n<p>En utilisant KRINI IMMO, vous acceptez de ne pas utiliser le site \u00e0 des fins ill\u00e9gales ou interdites par ces conditions d&rsquo;utilisation. Vous ne devez pas violer les lois en vigueur dans votre juridiction lors de l&rsquo;utilisation de notre site.<\/p>\n\n\n\n<p><strong>Propri\u00e9t\u00e9 Intellectuelle<\/strong><\/p>\n\n\n\n<p>Le contenu, les logos, les images et autres \u00e9l\u00e9ments pr\u00e9sents sur KRINI IMMO sont prot\u00e9g\u00e9s par des droits de propri\u00e9t\u00e9 intellectuelle et sont la propri\u00e9t\u00e9 exclusive de KRINI. Vous ne pouvez pas reproduire, distribuer ou utiliser ces \u00e9l\u00e9ments sans notre autorisation \u00e9crite.<\/p>\n\n\n\n<p><strong>Limitation de Responsabilit\u00e9<\/strong><\/p>\n\n\n\n<p>KRINI ne peut \u00eatre tenue responsable des dommages directs, indirects, accessoires, sp\u00e9ciaux ou cons\u00e9cutifs r\u00e9sultant de l&rsquo;utilisation ou de l&rsquo;incapacit\u00e9 \u00e0 utiliser KRINI IMMO ou de tout contenu pr\u00e9sent sur le site.<\/p>\n\n\n\n<p><strong>Liens vers des Tiers<\/strong><\/p>\n\n\n\n<p>KRINI IMMO peut contenir des liens vers des sites web tiers. Ces liens sont fournis pour votre commodit\u00e9. KRINI n&rsquo;endosse pas le contenu de ces sites tiers et d\u00e9cline toute responsabilit\u00e9 quant \u00e0 leur contenu.<\/p>\n\n\n\n<p><strong>Modifications des Conditions d&rsquo;utilisation<\/strong><\/p>\n\n\n\n<p>[Votre entreprise] se r\u00e9serve le droit de modifier ces conditions d&rsquo;utilisation \u00e0 tout moment. Les modifications prendront effet d\u00e8s leur publication sur le site. En continuant \u00e0 utiliser KRINI IMMO, vous acceptez d&rsquo;\u00eatre li\u00e9 par les conditions d&rsquo;utilisation modifi\u00e9es.<\/p>\n\n\n\n<p><strong>Droit Applicable<\/strong><\/p>\n\n\n\n<p>Ces conditions d&rsquo;utilisation sont r\u00e9gies par les lois en vigueur dans le Maroc. Tout litige d\u00e9coulant de l&rsquo;utilisation de KRINI sera soumis \u00e0 la juridiction exclusive des tribunaux comp\u00e9tents de Casablanca.<\/p>\n\n\n\n<p><strong>Contact<\/strong><\/p>\n\n\n\n<p>Si vous avez des questions concernant ces conditions d&rsquo;utilisation, veuillez nous contacter \u00e0 immo@krini.ma<\/p>\n\n\n\n<p>Merci de lire attentivement et de comprendre nos conditions d&rsquo;utilisation. En continuant \u00e0 utiliser notre site, vous acceptez ces conditions.<\/p>\n","protected":false},"excerpt":{"rendered":"<p>Derni\u00e8re mise \u00e0 jour : 29\/11\/2023 Bienvenue sur KRINI IMMO ! En acc\u00e9dant \u00e0 notre site web, vous acceptez de respecter les conditions d&rsquo;utilisation \u00e9nonc\u00e9es ci-dessous. Veuillez les lire attentivement avant de continuer \u00e0 utiliser notre site. Utilisation du Site En utilisant KRINI IMMO, vous acceptez de ne pas utiliser le site \u00e0 des fins [&hellip;]<\/p>\n","protected":false},"author":1,"featured_media":0,"parent":0,"menu_order":0,"comment_status":"closed","ping_status":"closed","template":"","meta":{"_monsterinsights_skip_tracking":false,"_monsterinsights_sitenote_active":false,"_monsterinsights_sitenote_note":"","_monsterinsights_sitenote_category":0,"footnotes":""},"aioseo_notices":[],"_links":{"self":[{"href":"https:\/\/immo.krini.ma\/index.php\/wp-json\/wp\/v2\/pages\/17824"}],"collection":[{"href":"https:\/\/immo.krini.ma\/index.php\/wp-json\/wp\/v2\/pages"}],"about":[{"href":"https:\/\/immo.krini.ma\/index.php\/wp-json\/wp\/v2\/types\/page"}],"author":[{"embeddable":true,"href":"https:\/\/immo.krini.ma\/index.php\/wp-json\/wp\/v2\/users\/1"}],"replies":[{"embeddable":true,"href":"https:\/\/immo.krini.ma\/index.php\/wp-json\/wp\/v2\/comments?post=17824"}],"version-history":[{"count":0,"href":"https:\/\/immo.krini.ma\/index.php\/wp-json\/wp\/v2\/pages\/17824\/revisions"}],"wp:attachment":[{"href":"https:\/\/immo.krini.ma\/index.php\/wp-json\/wp\/v2\/media?parent=17824"}],"curies":[{"name":"wp","href":"https:\/\/api.w.org\/{rel}","templated":true}]}}