{"id":17819,"date":"2023-11-29T11:58:11","date_gmt":"2023-11-29T10:58:11","guid":{"rendered":"https:\/\/immo.krini.ma\/?page_id=17819"},"modified":"2023-12-08T16:33:02","modified_gmt":"2023-12-08T15:33:02","slug":"politique-de-confidentialite-2","status":"publish","type":"page","link":"https:\/\/immo.krini.ma\/index.php\/politique-de-confidentialite-2\/","title":{"rendered":"Politique de confidentialit\u00e9"},"content":{"rendered":"\n<p><\/p>\n\n\n\n<hr class=\"wp-block-separator has-alpha-channel-opacity\"\/>\n\n\n\n<p><\/p>\n\n\n\n<p><strong>Derni\u00e8re mise \u00e0 jour : 29\/11\/2023<\/strong><\/p>\n\n\n\n<p>La pr\u00e9sente politique de confidentialit\u00e9 expose la mani\u00e8re dont KRINI IMMO recueille, utilise et prot\u00e8ge les informations que vous fournissez lorsque vous utilisez notre site web.<\/p>\n\n\n\n<p><strong>Collecte et Utilisation des Informations<\/strong><\/p>\n\n\n\n<p>Nous pouvons recueillir des informations personnelles vous concernant, telles que votre nom, votre adresse e-mail et d&rsquo;autres informations identifiables lorsque vous soumettez des formulaires sur notre site. Ces informations sont utilis\u00e9es dans le but de r\u00e9pondre \u00e0 nos demandes, personnaliser exp\u00e9rience et traiter vos transactions.<\/p>\n\n\n\n<p><strong>S\u00e9curit\u00e9<\/strong><\/p>\n\n\n\n<p>Nous nous engageons \u00e0 assurer la s\u00e9curit\u00e9 de vos informations. Afin de pr\u00e9venir tout acc\u00e8s non autoris\u00e9 ou divulgation, nous avons mis en place des proc\u00e9dures physiques, \u00e9lectroniques et de gestion appropri\u00e9es pour sauvegarder et s\u00e9curiser les informations que nous recueillons en ligne.<\/p>\n\n\n\n<p><strong>Cookies<\/strong><\/p>\n\n\n\n<p>Notre site web utilise des cookies pour am\u00e9liorer l&rsquo;exp\u00e9rience de navigation. Ces cookies sont de petits fichiers plac\u00e9s sur votre appareil pour analyser les tendances, administrer le site, suivre les mouvements des utilisateurs autour du site, et recueillir des informations d\u00e9mographiques globales.<\/p>\n\n\n\n<p><strong>Partage d&rsquo;Informations<\/strong><\/p>\n\n\n\n<p>Nous ne vendons, n&rsquo;\u00e9changeons ni ne louons vos informations personnelles \u00e0 des tiers sans votre consentement, sauf lorsque cela est n\u00e9cessaire pour r\u00e9pondre \u00e0 une demande que vous avez soumise.<\/p>\n\n\n\n<p><strong>Liens vers des Tiers<\/strong><\/p>\n\n\n\n<p>Notre site web peut contenir des liens vers des sites web tiers. Nous d\u00e9clinons toute responsabilit\u00e9 quant aux pratiques de confidentialit\u00e9 de ces sites. Nous vous encourageons \u00e0 lire les d\u00e9clarations de confidentialit\u00e9 de chaque site web que vous visitez.<\/p>\n\n\n\n<p><strong>Modification de la Politique de Confidentialit\u00e9<\/strong><\/p>\n\n\n\n<p>Nous nous r\u00e9servons le droit de modifier cette politique de confidentialit\u00e9 \u00e0 tout moment. Toute modification sera publi\u00e9e sur cette page.<\/p>\n\n\n\n<p><strong>Contact<\/strong><\/p>\n\n\n\n<p>Si vous avez des questions concernant cette politique de confidentialit\u00e9, vous pouvez nous contacter \u00e0 immo@krini.com.<\/p>\n\n\n\n<p>Merci de prendre le temps de lire notre politique de confidentialit\u00e9.<\/p>\n","protected":false},"excerpt":{"rendered":"<p>Derni\u00e8re mise \u00e0 jour : 29\/11\/2023 La pr\u00e9sente politique de confidentialit\u00e9 expose la mani\u00e8re dont KRINI IMMO recueille, utilise et prot\u00e8ge les informations que vous fournissez lorsque vous utilisez notre site web. Collecte et Utilisation des Informations Nous pouvons recueillir des informations personnelles vous concernant, telles que votre nom, votre adresse e-mail et d&rsquo;autres informations [&hellip;]<\/p>\n","protected":false},"author":1,"featured_media":0,"parent":0,"menu_order":0,"comment_status":"closed","ping_status":"closed","template":"","meta":{"_monsterinsights_skip_tracking":false,"_monsterinsights_sitenote_active":false,"_monsterinsights_sitenote_note":"","_monsterinsights_sitenote_category":0,"footnotes":""},"aioseo_notices":[],"_links":{"self":[{"href":"https:\/\/immo.krini.ma\/index.php\/wp-json\/wp\/v2\/pages\/17819"}],"collection":[{"href":"https:\/\/immo.krini.ma\/index.php\/wp-json\/wp\/v2\/pages"}],"about":[{"href":"https:\/\/immo.krini.ma\/index.php\/wp-json\/wp\/v2\/types\/page"}],"author":[{"embeddable":true,"href":"https:\/\/immo.krini.ma\/index.php\/wp-json\/wp\/v2\/users\/1"}],"replies":[{"embeddable":true,"href":"https:\/\/immo.krini.ma\/index.php\/wp-json\/wp\/v2\/comments?post=17819"}],"version-history":[{"count":1,"href":"https:\/\/immo.krini.ma\/index.php\/wp-json\/wp\/v2\/pages\/17819\/revisions"}],"predecessor-version":[{"id":18286,"href":"https:\/\/immo.krini.ma\/index.php\/wp-json\/wp\/v2\/pages\/17819\/revisions\/18286"}],"wp:attachment":[{"href":"https:\/\/immo.krini.ma\/index.php\/wp-json\/wp\/v2\/media?parent=17819"}],"curies":[{"name":"wp","href":"https:\/\/api.w.org\/{rel}","templated":true}]}}